{"id":708,"date":"2020-04-22T12:16:49","date_gmt":"2020-04-22T10:16:49","guid":{"rendered":"http:\/\/despachosyservicios.com\/?page_id=708"},"modified":"2020-04-24T13:58:54","modified_gmt":"2020-04-24T11:58:54","slug":"servicio-3","status":"publish","type":"page","link":"https:\/\/despachosyservicios.com\/index.php\/servicio-3\/","title":{"rendered":""},"content":{"rendered":"\t\t<div data-elementor-type=\"wp-page\" data-elementor-id=\"708\" class=\"elementor elementor-708\">\n\t\t\t\t\t\t<section class=\"elementor-section elementor-top-section elementor-element elementor-element-bcf5aca elementor-section-stretched elementor-section-height-min-height elementor-section-full_width elementor-section-height-default elementor-section-items-middle\" data-id=\"bcf5aca\" data-element_type=\"section\" data-settings=\"{&quot;stretch_section&quot;:&quot;section-stretched&quot;,&quot;background_background&quot;:&quot;classic&quot;}\">\n\t\t\t\t\t\t\t<div class=\"elementor-background-overlay\"><\/div>\n\t\t\t\t\t\t\t<div class=\"elementor-container elementor-column-gap-default\">\n\t\t\t\t\t<div class=\"elementor-column elementor-col-100 elementor-top-column elementor-element elementor-element-5f6dcf3\" data-id=\"5f6dcf3\" data-element_type=\"column\">\n\t\t\t<div class=\"elementor-widget-wrap elementor-element-populated\">\n\t\t\t\t\t\t<div class=\"elementor-element elementor-element-c648044 elementor-widget elementor-widget-text-editor\" data-id=\"c648044\" data-element_type=\"widget\" data-widget_type=\"text-editor.default\">\n\t\t\t\t<div class=\"elementor-widget-container\">\n\t\t\t\t\t\t\t<p><b>secretar\u00eda<\/b><\/p>\t\t\t\t\t\t<\/div>\n\t\t\t\t<\/div>\n\t\t\t\t\t<\/div>\n\t\t<\/div>\n\t\t\t\t\t<\/div>\n\t\t<\/section>\n\t\t\t\t<section class=\"elementor-section elementor-top-section elementor-element elementor-element-2cd5bfc elementor-section-stretched elementor-section-boxed elementor-section-height-default elementor-section-height-default\" data-id=\"2cd5bfc\" data-element_type=\"section\" data-settings=\"{&quot;stretch_section&quot;:&quot;section-stretched&quot;}\">\n\t\t\t\t\t\t<div class=\"elementor-container elementor-column-gap-default\">\n\t\t\t\t\t<div class=\"elementor-column elementor-col-100 elementor-top-column elementor-element elementor-element-fc9650d\" data-id=\"fc9650d\" data-element_type=\"column\">\n\t\t\t<div class=\"elementor-widget-wrap elementor-element-populated\">\n\t\t\t\t\t\t<div class=\"elementor-element elementor-element-b5b14a1 elementor-widget elementor-widget-spacer\" data-id=\"b5b14a1\" data-element_type=\"widget\" data-widget_type=\"spacer.default\">\n\t\t\t\t<div class=\"elementor-widget-container\">\n\t\t\t\t\t<div class=\"elementor-spacer\">\n\t\t\t<div class=\"elementor-spacer-inner\"><\/div>\n\t\t<\/div>\n\t\t\t\t<\/div>\n\t\t\t\t<\/div>\n\t\t\t\t<div class=\"elementor-element elementor-element-4a64893 elementor-widget elementor-widget-text-editor\" data-id=\"4a64893\" data-element_type=\"widget\" data-widget_type=\"text-editor.default\">\n\t\t\t\t<div class=\"elementor-widget-container\">\n\t\t\t\t\t\t\t<h2 style=\"text-align: center;\"><strong><span style=\"font-size: 12.0pt; line-height: 107%;\">Completamos nuestro abanico de servicios ofreci\u00e9ndole otras alternativas para tu negocio:<\/span><\/strong><\/h2><h2 style=\"text-align: center;\"><span style=\"text-decoration: underline;\"><strong>Domiciliaci\u00f3n fiscal \/Social \/Comercial<\/strong><\/span><\/h2><h2 style=\"text-align: center;\"><strong><span style=\"font-size: 12.0pt; line-height: 107%;\">El servicio ideal, orientado a profesionales y empresas que tienen que desarrollar su actividad desde otra ubicaci\u00f3n, permiti\u00e9ndoles ofrecer una mayor imagen de prestigio y profesionalidad a nuestro negocio.<\/span><\/strong><\/h2><h2 style=\"text-align: center;\"><span style=\"text-decoration: underline;\"><strong>Oficina Virtual<\/strong><\/span><\/h2><h2 style=\"text-align: center;\"><strong><span style=\"font-size: 12.0pt; line-height: 107%;\">La soluci\u00f3n ideal para el establecimiento permanente de su negocio con servicio de recepci\u00f3n de visitas, gesti\u00f3n de correspondencia, secretariado telef\u00f3nico y salas de reuniones.<\/span><\/strong><\/h2><h2 style=\"text-align: center;\"><span style=\"text-decoration: underline;\"><strong>Atenci\u00f3n de llamadas<\/strong><\/span><\/h2><h2 style=\"text-align: center;\"><strong><span style=\"font-size: 12.0pt; line-height: 107%;\">Servicio de atenci\u00f3n al cliente personalizado en nombre de su empresa. No perder\u00e1 llamadas ni oportunidades de negocio y sus clientes recibir\u00e1n siempre un trato amable y profesional.<\/span><\/strong><\/h2><h2 style=\"text-align: center;\"><span style=\"text-decoration: underline;\"><strong>Gesti\u00f3n de agenda de clientes<\/strong><\/span><\/h2><h2 style=\"text-align: center;\"><strong><span style=\"font-size: 12.0pt; line-height: 107%;\">Planificaci\u00f3n de agenda (visitas de clientes, citaci\u00f3n de clientes, planificaci\u00f3n de reuniones, etc.).<\/span><\/strong><\/h2>\t\t\t\t\t\t<\/div>\n\t\t\t\t<\/div>\n\t\t\t\t<div class=\"elementor-element elementor-element-1478d25 elementor-widget elementor-widget-spacer\" data-id=\"1478d25\" data-element_type=\"widget\" data-widget_type=\"spacer.default\">\n\t\t\t\t<div class=\"elementor-widget-container\">\n\t\t\t\t\t<div class=\"elementor-spacer\">\n\t\t\t<div class=\"elementor-spacer-inner\"><\/div>\n\t\t<\/div>\n\t\t\t\t<\/div>\n\t\t\t\t<\/div>\n\t\t\t\t\t<\/div>\n\t\t<\/div>\n\t\t\t\t\t<\/div>\n\t\t<\/section>\n\t\t\t\t<section class=\"elementor-section elementor-top-section elementor-element elementor-element-9ac2ae8 elementor-section-stretched elementor-section-boxed elementor-section-height-default elementor-section-height-default\" data-id=\"9ac2ae8\" data-element_type=\"section\" data-settings=\"{&quot;stretch_section&quot;:&quot;section-stretched&quot;}\">\n\t\t\t\t\t\t<div class=\"elementor-container elementor-column-gap-default\">\n\t\t\t\t\t<div class=\"elementor-column elementor-col-100 elementor-top-column elementor-element elementor-element-b131ab7\" data-id=\"b131ab7\" data-element_type=\"column\">\n\t\t\t<div class=\"elementor-widget-wrap elementor-element-populated\">\n\t\t\t\t\t\t<div class=\"elementor-element elementor-element-dc8027e elementor-widget elementor-widget-image\" data-id=\"dc8027e\" data-element_type=\"widget\" data-widget_type=\"image.default\">\n\t\t\t\t<div class=\"elementor-widget-container\">\n\t\t\t\t\t\t\t\t\t\t\t\t\t<img fetchpriority=\"high\" decoding=\"async\" width=\"712\" height=\"350\" src=\"https:\/\/despachosyservicios.com\/wp-content\/uploads\/2020\/04\/secretaria.jpg\" class=\"attachment-large size-large wp-image-800\" alt=\"\" srcset=\"https:\/\/despachosyservicios.com\/wp-content\/uploads\/2020\/04\/secretaria.jpg 712w, https:\/\/despachosyservicios.com\/wp-content\/uploads\/2020\/04\/secretaria-300x147.jpg 300w, https:\/\/despachosyservicios.com\/wp-content\/uploads\/2020\/04\/secretaria-230x113.jpg 230w, https:\/\/despachosyservicios.com\/wp-content\/uploads\/2020\/04\/secretaria-350x172.jpg 350w, https:\/\/despachosyservicios.com\/wp-content\/uploads\/2020\/04\/secretaria-480x236.jpg 480w\" sizes=\"(max-width: 712px) 100vw, 712px\" \/>\t\t\t\t\t\t\t\t\t\t\t\t\t<\/div>\n\t\t\t\t<\/div>\n\t\t\t\t\t<\/div>\n\t\t<\/div>\n\t\t\t\t\t<\/div>\n\t\t<\/section>\n\t\t\t\t<section class=\"elementor-section elementor-top-section elementor-element elementor-element-f9188d6 elementor-section-boxed elementor-section-height-default elementor-section-height-default\" data-id=\"f9188d6\" data-element_type=\"section\">\n\t\t\t\t\t\t<div class=\"elementor-container elementor-column-gap-default\">\n\t\t\t\t\t<div class=\"elementor-column elementor-col-50 elementor-top-column elementor-element elementor-element-b344bff\" data-id=\"b344bff\" data-element_type=\"column\">\n\t\t\t<div class=\"elementor-widget-wrap elementor-element-populated\">\n\t\t\t\t\t\t<div class=\"elementor-element elementor-element-7ca09d5 elementor-view-default elementor-widget elementor-widget-icon\" data-id=\"7ca09d5\" data-element_type=\"widget\" data-widget_type=\"icon.default\">\n\t\t\t\t<div class=\"elementor-widget-container\">\n\t\t\t\t\t<div class=\"elementor-icon-wrapper\">\n\t\t\t<a class=\"elementor-icon\" href=\"https:\/\/despachosyservicios.com\/#servicios\" rel=\"nofollow\">\n\t\t\t<i aria-hidden=\"true\" class=\"far fa-arrow-alt-circle-left\"><\/i>\t\t\t<\/a>\n\t\t<\/div>\n\t\t\t\t<\/div>\n\t\t\t\t<\/div>\n\t\t\t\t\t<\/div>\n\t\t<\/div>\n\t\t\t\t<div class=\"elementor-column elementor-col-50 elementor-top-column elementor-element elementor-element-6778345\" data-id=\"6778345\" data-element_type=\"column\">\n\t\t\t<div class=\"elementor-widget-wrap\">\n\t\t\t\t\t\t\t<\/div>\n\t\t<\/div>\n\t\t\t\t\t<\/div>\n\t\t<\/section>\n\t\t\t\t<\/div>\n\t\t","protected":false},"excerpt":{"rendered":"<p>secretar\u00eda Completamos nuestro abanico de servicios ofreci\u00e9ndole otras alternativas para tu negocio: Domiciliaci\u00f3n fiscal \/Social \/Comercial El servicio ideal, orientado a profesionales [&hellip;]<\/p>\n","protected":false},"author":1,"featured_media":0,"parent":0,"menu_order":0,"comment_status":"closed","ping_status":"closed","template":"","meta":{"footnotes":""},"_links":{"self":[{"href":"https:\/\/despachosyservicios.com\/index.php\/wp-json\/wp\/v2\/pages\/708"}],"collection":[{"href":"https:\/\/despachosyservicios.com\/index.php\/wp-json\/wp\/v2\/pages"}],"about":[{"href":"https:\/\/despachosyservicios.com\/index.php\/wp-json\/wp\/v2\/types\/page"}],"author":[{"embeddable":true,"href":"https:\/\/despachosyservicios.com\/index.php\/wp-json\/wp\/v2\/users\/1"}],"replies":[{"embeddable":true,"href":"https:\/\/despachosyservicios.com\/index.php\/wp-json\/wp\/v2\/comments?post=708"}],"version-history":[{"count":9,"href":"https:\/\/despachosyservicios.com\/index.php\/wp-json\/wp\/v2\/pages\/708\/revisions"}],"predecessor-version":[{"id":834,"href":"https:\/\/despachosyservicios.com\/index.php\/wp-json\/wp\/v2\/pages\/708\/revisions\/834"}],"wp:attachment":[{"href":"https:\/\/despachosyservicios.com\/index.php\/wp-json\/wp\/v2\/media?parent=708"}],"curies":[{"name":"wp","href":"https:\/\/api.w.org\/{rel}","templated":true}]}}