{"id":711,"date":"2020-04-22T12:17:35","date_gmt":"2020-04-22T10:17:35","guid":{"rendered":"http:\/\/despachosyservicios.com\/?page_id=711"},"modified":"2020-04-24T13:59:31","modified_gmt":"2020-04-24T11:59:31","slug":"todos-los-servicios","status":"publish","type":"page","link":"https:\/\/despachosyservicios.com\/index.php\/todos-los-servicios\/","title":{"rendered":"TODOS LOS SERVICIOS"},"content":{"rendered":"\t\t<div data-elementor-type=\"wp-page\" data-elementor-id=\"711\" class=\"elementor elementor-711\">\n\t\t\t\t\t\t<section class=\"elementor-section elementor-top-section elementor-element elementor-element-e32943a elementor-section-stretched elementor-section-boxed elementor-section-height-default elementor-section-height-default\" data-id=\"e32943a\" data-element_type=\"section\" data-settings=\"{&quot;stretch_section&quot;:&quot;section-stretched&quot;}\">\n\t\t\t\t\t\t<div class=\"elementor-container elementor-column-gap-default\">\n\t\t\t\t\t<div class=\"elementor-column elementor-col-100 elementor-top-column elementor-element elementor-element-9caecfb\" data-id=\"9caecfb\" data-element_type=\"column\">\n\t\t\t<div class=\"elementor-widget-wrap elementor-element-populated\">\n\t\t\t\t\t\t<div class=\"elementor-element elementor-element-24be5eb elementor-widget elementor-widget-image\" data-id=\"24be5eb\" data-element_type=\"widget\" data-widget_type=\"image.default\">\n\t\t\t\t<div class=\"elementor-widget-container\">\n\t\t\t\t\t\t\t\t\t\t\t\t\t<img fetchpriority=\"high\" decoding=\"async\" width=\"1024\" height=\"302\" src=\"https:\/\/despachosyservicios.com\/wp-content\/uploads\/2020\/04\/logo-PEQUE\u00d1O-deyserco-png-1024x302.jpg\" class=\"attachment-large size-large wp-image-9\" alt=\"\" srcset=\"https:\/\/despachosyservicios.com\/wp-content\/uploads\/2020\/04\/logo-PEQUE\u00d1O-deyserco-png-1024x302.jpg 1024w, https:\/\/despachosyservicios.com\/wp-content\/uploads\/2020\/04\/logo-PEQUE\u00d1O-deyserco-png-300x88.jpg 300w, https:\/\/despachosyservicios.com\/wp-content\/uploads\/2020\/04\/logo-PEQUE\u00d1O-deyserco-png-768x226.jpg 768w, https:\/\/despachosyservicios.com\/wp-content\/uploads\/2020\/04\/logo-PEQUE\u00d1O-deyserco-png-1568x462.jpg 1568w\" sizes=\"(max-width: 1024px) 100vw, 1024px\" \/>\t\t\t\t\t\t\t\t\t\t\t\t\t<\/div>\n\t\t\t\t<\/div>\n\t\t\t\t\t<\/div>\n\t\t<\/div>\n\t\t\t\t\t<\/div>\n\t\t<\/section>\n\t\t\t\t<section class=\"elementor-section elementor-top-section elementor-element elementor-element-48bbf33 elementor-section-stretched elementor-section-boxed elementor-section-height-default elementor-section-height-default\" data-id=\"48bbf33\" data-element_type=\"section\" data-settings=\"{&quot;stretch_section&quot;:&quot;section-stretched&quot;}\">\n\t\t\t\t\t\t<div class=\"elementor-container elementor-column-gap-default\">\n\t\t\t\t\t<div class=\"elementor-column elementor-col-100 elementor-top-column elementor-element elementor-element-094c472\" data-id=\"094c472\" data-element_type=\"column\">\n\t\t\t<div class=\"elementor-widget-wrap elementor-element-populated\">\n\t\t\t\t\t\t<div class=\"elementor-element elementor-element-f0092b3 elementor-widget elementor-widget-spacer\" data-id=\"f0092b3\" data-element_type=\"widget\" data-widget_type=\"spacer.default\">\n\t\t\t\t<div class=\"elementor-widget-container\">\n\t\t\t\t\t<div class=\"elementor-spacer\">\n\t\t\t<div class=\"elementor-spacer-inner\"><\/div>\n\t\t<\/div>\n\t\t\t\t<\/div>\n\t\t\t\t<\/div>\n\t\t\t\t<div class=\"elementor-element elementor-element-181aff5 elementor-widget elementor-widget-heading\" data-id=\"181aff5\" data-element_type=\"widget\" data-widget_type=\"heading.default\">\n\t\t\t\t<div class=\"elementor-widget-container\">\n\t\t\t<h1 class=\"elementor-heading-title elementor-size-default\">El lugar id\u00f3neo para desarrollar tu negocio.\nTe facilitamos todo lo necesario para realizar tu actividad empresarial.\n<\/h1>\t\t<\/div>\n\t\t\t\t<\/div>\n\t\t\t\t<div class=\"elementor-element elementor-element-66d2ae4 elementor-widget elementor-widget-text-editor\" data-id=\"66d2ae4\" data-element_type=\"widget\" data-widget_type=\"text-editor.default\">\n\t\t\t\t<div class=\"elementor-widget-container\">\n\t\t\t\t\t\t\t<strong>\u00a0<\/strong>\n<h1 style=\"text-align: center;\"><span style=\"color: #ff6600;\"><strong>OFICINAS<\/strong><\/span><\/h1>\n<strong>\u00a0\u00a0\u00a0\u00a0\u00a0\u00a0 <\/strong>\n<h2 class=\"MsoNormal\" style=\"text-align: center;\"><strong><span style=\"font-size: 12.0pt; line-height: 107%;\">Le ofrecemos despachos de diferentes tama\u00f1os, totalmente equipados para comenzar a trabajar, gastos de mantenimiento y servicios de secretar\u00eda, incluidos. Acceso las 24 horas del d\u00eda, los 365 d\u00edas del a\u00f1o.<\/span><\/strong><\/h2>\n<h2 class=\"MsoNormal\" style=\"text-align: center;\"><strong><span style=\"font-size: 12.0pt; line-height: 107%; mso-bidi-font-family: Calibri; mso-bidi-theme-font: minor-latin;\">Adquiera m\u00e1s espacio cuando lo necesite y disfrute de asistencia administrativa para la recepci\u00f3n de tus visitas, gesti\u00f3n de correspondencia y un servicio de secretariado para facilitarle el trabajo.<\/span><\/strong><b><\/b><\/h2>\n&nbsp;\n<h1 style=\"text-align: center;\"><span style=\"color: #ff6600;\"><strong>SALAS MULTIUSOS<\/strong><\/span><\/h1>\n<h2 style=\"text-align: center;\"><span style=\"font-size: 12.0pt; line-height: 107%;\"><strong>Disponemos de varias salas de reuniones dotadas con medios audiovisuales y servicios complementarios para que pueda adaptarla a sus necesidades. Podr\u00e1 realizar reuniones de trabajo, presentaciones, conferencias e impartir cursos de formaci\u00f3n.<\/strong><\/span><\/h2>\n<h2 style=\"text-align: center;\"><strong><span style=\"font-size: 12.0pt; line-height: 107%;\">Su inmejorable ubicaci\u00f3n lo convierte en un lugar perfecto para la celebraci\u00f3n de sus reuniones de negocios, entrevistas y eventos empresariales.<\/span>\n<\/strong><\/h2>\n&nbsp;\n<h1 style=\"text-align: center;\"><span style=\"color: #ff6600;\"><strong>SECRETAR\u00cdA\u00a0\u00a0 <\/strong><\/span><\/h1>\n<h2 style=\"text-align: center;\"><strong><span style=\"font-size: 12.0pt; line-height: 107%;\">Completamos nuestro abanico de servicios ofreci\u00e9ndole otras alternativas para tu negocio:<\/span><\/strong><\/h2>\n<h2 style=\"text-align: center;\"><span style=\"text-decoration: underline;\"><strong>Domiciliaci\u00f3n fiscal \/Social \/Comercial<\/strong><\/span><\/h2>\n<h2 style=\"text-align: center;\"><strong><span style=\"font-size: 12.0pt; line-height: 107%;\">El servicio ideal, orientado a profesionales y empresas que tienen que desarrollar su actividad desde otra ubicaci\u00f3n, permiti\u00e9ndoles ofrecer una mayor imagen de prestigio y profesionalidad a nuestro negocio.<\/span><\/strong><\/h2>\n<h2 style=\"text-align: center;\"><span style=\"text-decoration: underline;\"><strong>Oficina Virtual<\/strong><\/span><\/h2>\n<h2 style=\"text-align: center;\"><strong><span style=\"font-size: 12.0pt; line-height: 107%;\">La soluci\u00f3n ideal para el establecimiento permanente de su negocio con servicio de recepci\u00f3n de visitas, gesti\u00f3n de correspondencia, secretariado telef\u00f3nico y salas de reuniones.<\/span><\/strong><\/h2>\n<h2 style=\"text-align: center;\"><span style=\"text-decoration: underline;\"><strong>Atenci\u00f3n de llamadas<\/strong><\/span><\/h2>\n<h2 style=\"text-align: center;\"><strong><span style=\"font-size: 12.0pt; line-height: 107%;\">Servicio de atenci\u00f3n al cliente personalizado en nombre de su empresa. No perder\u00e1 llamadas ni oportunidades de negocio y sus clientes recibir\u00e1n siempre un trato amable y profesional.<\/span><\/strong><\/h2>\n<h2 style=\"text-align: center;\"><span style=\"text-decoration: underline;\"><strong>Gesti\u00f3n de agenda de clientes<\/strong><\/span><\/h2>\n<h2 style=\"text-align: center;\"><strong><span style=\"font-size: 12.0pt; line-height: 107%;\">Planificaci\u00f3n de agenda (visitas de clientes, citaci\u00f3n de clientes, planificaci\u00f3n de reuniones, etc.).<\/span><\/strong><\/h2>\n&nbsp;\n<h1 style=\"text-align: center;\"><span style=\"color: #ff6600;\"><strong>SERVICIOS COMUNES<\/strong><\/span><\/h1>\n\n<h2 style=\"text-align: center;\"><strong><span style=\"font-size: 12.0pt; line-height: 107%;\">Adem\u00e1s de nuestras salas multiusos, disponemos de otras \u00e1reas comunes para facilitar su trabajo y tiempo de descanso: <\/span><\/strong><\/h2>\n<h2 style=\"text-align: center;\"><strong><span style=\"font-size: 12.0pt; line-height: 107%;\">Sala de espera.<\/span><\/strong><\/h2>\n<h2 style=\"text-align: center;\"><strong><span style=\"font-size: 12.0pt; line-height: 107%;\">Recepci\u00f3n.<\/span><\/strong><\/h2>\n<h2 style=\"text-align: center;\"><strong><span style=\"font-size: 12.0pt; line-height: 107%;\">Office totalmente equipado (cafetera, nevera, microondas.).<\/span><\/strong><\/h2>\n\t\t\t\t\t\t<\/div>\n\t\t\t\t<\/div>\n\t\t\t\t<div class=\"elementor-element elementor-element-3b87954 elementor-widget elementor-widget-spacer\" data-id=\"3b87954\" data-element_type=\"widget\" data-widget_type=\"spacer.default\">\n\t\t\t\t<div class=\"elementor-widget-container\">\n\t\t\t\t\t<div class=\"elementor-spacer\">\n\t\t\t<div class=\"elementor-spacer-inner\"><\/div>\n\t\t<\/div>\n\t\t\t\t<\/div>\n\t\t\t\t<\/div>\n\t\t\t\t\t<\/div>\n\t\t<\/div>\n\t\t\t\t\t<\/div>\n\t\t<\/section>\n\t\t\t\t<section class=\"elementor-section elementor-top-section elementor-element elementor-element-41369e2 elementor-section-stretched elementor-section-boxed elementor-section-height-default elementor-section-height-default\" data-id=\"41369e2\" data-element_type=\"section\" data-settings=\"{&quot;stretch_section&quot;:&quot;section-stretched&quot;}\">\n\t\t\t\t\t\t<div class=\"elementor-container elementor-column-gap-default\">\n\t\t\t\t\t<div class=\"elementor-column elementor-col-50 elementor-top-column elementor-element elementor-element-457d647\" data-id=\"457d647\" data-element_type=\"column\">\n\t\t\t<div class=\"elementor-widget-wrap elementor-element-populated\">\n\t\t\t\t\t\t<div class=\"elementor-element elementor-element-a35e72f elementor-view-default elementor-widget elementor-widget-icon\" data-id=\"a35e72f\" data-element_type=\"widget\" data-widget_type=\"icon.default\">\n\t\t\t\t<div class=\"elementor-widget-container\">\n\t\t\t\t\t<div class=\"elementor-icon-wrapper\">\n\t\t\t<a class=\"elementor-icon\" href=\"https:\/\/despachosyservicios.com\/#servicios\" rel=\"nofollow\">\n\t\t\t<i aria-hidden=\"true\" class=\"far fa-arrow-alt-circle-left\"><\/i>\t\t\t<\/a>\n\t\t<\/div>\n\t\t\t\t<\/div>\n\t\t\t\t<\/div>\n\t\t\t\t\t<\/div>\n\t\t<\/div>\n\t\t\t\t<div class=\"elementor-column elementor-col-50 elementor-top-column elementor-element elementor-element-9c69453\" data-id=\"9c69453\" data-element_type=\"column\">\n\t\t\t<div class=\"elementor-widget-wrap\">\n\t\t\t\t\t\t\t<\/div>\n\t\t<\/div>\n\t\t\t\t\t<\/div>\n\t\t<\/section>\n\t\t\t\t<\/div>\n\t\t","protected":false},"excerpt":{"rendered":"<p>El lugar id\u00f3neo para desarrollar tu negocio. Te facilitamos todo lo necesario para realizar tu actividad empresarial. \u00a0 OFICINAS \u00a0\u00a0\u00a0\u00a0\u00a0\u00a0 Le ofrecemos [&hellip;]<\/p>\n","protected":false},"author":1,"featured_media":0,"parent":0,"menu_order":0,"comment_status":"closed","ping_status":"closed","template":"","meta":{"footnotes":""},"_links":{"self":[{"href":"https:\/\/despachosyservicios.com\/index.php\/wp-json\/wp\/v2\/pages\/711"}],"collection":[{"href":"https:\/\/despachosyservicios.com\/index.php\/wp-json\/wp\/v2\/pages"}],"about":[{"href":"https:\/\/despachosyservicios.com\/index.php\/wp-json\/wp\/v2\/types\/page"}],"author":[{"embeddable":true,"href":"https:\/\/despachosyservicios.com\/index.php\/wp-json\/wp\/v2\/users\/1"}],"replies":[{"embeddable":true,"href":"https:\/\/despachosyservicios.com\/index.php\/wp-json\/wp\/v2\/comments?post=711"}],"version-history":[{"count":4,"href":"https:\/\/despachosyservicios.com\/index.php\/wp-json\/wp\/v2\/pages\/711\/revisions"}],"predecessor-version":[{"id":835,"href":"https:\/\/despachosyservicios.com\/index.php\/wp-json\/wp\/v2\/pages\/711\/revisions\/835"}],"wp:attachment":[{"href":"https:\/\/despachosyservicios.com\/index.php\/wp-json\/wp\/v2\/media?parent=711"}],"curies":[{"name":"wp","href":"https:\/\/api.w.org\/{rel}","templated":true}]}}